{"id":884,"date":"2021-09-17T12:58:05","date_gmt":"2021-09-17T10:58:05","guid":{"rendered":"https:\/\/nvgabogados.com\/serveis\/penal\/"},"modified":"2021-10-27T09:27:26","modified_gmt":"2021-10-27T07:27:26","slug":"penal","status":"publish","type":"page","link":"https:\/\/nvgabogados.com\/ca\/serveis\/penal\/","title":{"rendered":"Penal"},"content":{"rendered":"\t\t<div data-elementor-type=\"wp-page\" data-elementor-id=\"884\" class=\"elementor elementor-884 elementor-646\">\n\t\t\t\t\t\t<section class=\"elementor-section elementor-top-section elementor-element elementor-element-6f5d41c elementor-section-stretched elementor-section-boxed elementor-section-height-default elementor-section-height-default\" data-id=\"6f5d41c\" data-element_type=\"section\" data-settings=\"{&quot;stretch_section&quot;:&quot;section-stretched&quot;,&quot;background_background&quot;:&quot;classic&quot;}\">\n\t\t\t\t\t\t<div class=\"elementor-container elementor-column-gap-wider\">\n\t\t\t\t\t<div class=\"elementor-column elementor-col-100 elementor-top-column elementor-element elementor-element-7e67453\" data-id=\"7e67453\" data-element_type=\"column\">\n\t\t\t<div class=\"elementor-widget-wrap elementor-element-populated\">\n\t\t\t\t\t\t<div class=\"elementor-element elementor-element-611950a elementor-widget elementor-widget-text-editor\" data-id=\"611950a\" data-element_type=\"widget\" data-widget_type=\"text-editor.default\">\n\t\t\t\t<div class=\"elementor-widget-container\">\n\t\t\t\t\t\t\t\t\t<h6>Serveis<\/h6>\n<h2><span style=\"color: #ffffff;\">Penal<\/span><\/h2>\t\t\t\t\t\t\t\t<\/div>\n\t\t\t\t<\/div>\n\t\t\t\t\t<\/div>\n\t\t<\/div>\n\t\t\t\t\t<\/div>\n\t\t<\/section>\n\t\t\t\t<section class=\"elementor-section elementor-top-section elementor-element elementor-element-6ef3bc7 elementor-section-stretched dark elementor-section-boxed elementor-section-height-default elementor-section-height-default\" data-id=\"6ef3bc7\" data-element_type=\"section\" data-settings=\"{&quot;stretch_section&quot;:&quot;section-stretched&quot;}\">\n\t\t\t\t\t\t<div class=\"elementor-container elementor-column-gap-wider\">\n\t\t\t\t\t<div class=\"elementor-column elementor-col-100 elementor-top-column elementor-element elementor-element-1059457\" data-id=\"1059457\" data-element_type=\"column\">\n\t\t\t<div class=\"elementor-widget-wrap elementor-element-populated\">\n\t\t\t\t\t\t<section class=\"elementor-section elementor-inner-section elementor-element elementor-element-999095c elementor-section-boxed elementor-section-height-default elementor-section-height-default\" data-id=\"999095c\" data-element_type=\"section\" data-settings=\"{&quot;background_background&quot;:&quot;classic&quot;}\">\n\t\t\t\t\t\t<div class=\"elementor-container elementor-column-gap-default\">\n\t\t\t\t\t<div class=\"elementor-column elementor-col-33 elementor-inner-column elementor-element elementor-element-ffa34ce\" data-id=\"ffa34ce\" data-element_type=\"column\">\n\t\t\t<div class=\"elementor-widget-wrap\">\n\t\t\t\t\t\t\t<\/div>\n\t\t<\/div>\n\t\t\t\t<div class=\"elementor-column elementor-col-33 elementor-inner-column elementor-element elementor-element-3ab03f6\" data-id=\"3ab03f6\" data-element_type=\"column\">\n\t\t\t<div class=\"elementor-widget-wrap elementor-element-populated\">\n\t\t\t\t\t\t<div class=\"elementor-element elementor-element-e8d9284 elementor-view-stacked elementor-shape-circle elementor-position-top elementor-mobile-position-top elementor-widget elementor-widget-icon-box\" data-id=\"e8d9284\" data-element_type=\"widget\" data-widget_type=\"icon-box.default\">\n\t\t\t\t<div class=\"elementor-widget-container\">\n\t\t\t\t\t\t\t<div class=\"elementor-icon-box-wrapper\">\n\n\t\t\t\t\t\t<div class=\"elementor-icon-box-icon\">\n\t\t\t\t<a href=\"#penal\" class=\"elementor-icon\" tabindex=\"-1\" aria-label=\"Penal\">\n\t\t\t\t<i aria-hidden=\"true\" class=\"fas fa-balance-scale\"><\/i>\t\t\t\t<\/a>\n\t\t\t<\/div>\n\t\t\t\n\t\t\t\t\t\t<div class=\"elementor-icon-box-content\">\n\n\t\t\t\t\t\t\t\t\t<h4 class=\"elementor-icon-box-title\">\n\t\t\t\t\t\t<a href=\"#penal\" >\n\t\t\t\t\t\t\tPenal\t\t\t\t\t\t<\/a>\n\t\t\t\t\t<\/h4>\n\t\t\t\t\n\t\t\t\t\n\t\t\t<\/div>\n\t\t\t\n\t\t<\/div>\n\t\t\t\t\t\t<\/div>\n\t\t\t\t<\/div>\n\t\t\t\t\t<\/div>\n\t\t<\/div>\n\t\t\t\t<div class=\"elementor-column elementor-col-33 elementor-inner-column elementor-element elementor-element-af8f7f4\" data-id=\"af8f7f4\" data-element_type=\"column\">\n\t\t\t<div class=\"elementor-widget-wrap\">\n\t\t\t\t\t\t\t<\/div>\n\t\t<\/div>\n\t\t\t\t\t<\/div>\n\t\t<\/section>\n\t\t\t\t\t<\/div>\n\t\t<\/div>\n\t\t\t\t\t<\/div>\n\t\t<\/section>\n\t\t\t\t<section class=\"elementor-section elementor-top-section elementor-element elementor-element-99fde63 elementor-section-stretched elementor-section-boxed elementor-section-height-default elementor-section-height-default\" data-id=\"99fde63\" data-element_type=\"section\" id=\"penal\" data-settings=\"{&quot;stretch_section&quot;:&quot;section-stretched&quot;,&quot;background_background&quot;:&quot;classic&quot;}\">\n\t\t\t\t\t\t<div class=\"elementor-container elementor-column-gap-wider\">\n\t\t\t\t\t<div class=\"elementor-column elementor-col-100 elementor-top-column elementor-element elementor-element-74b03ef\" data-id=\"74b03ef\" data-element_type=\"column\">\n\t\t\t<div class=\"elementor-widget-wrap elementor-element-populated\">\n\t\t\t\t\t\t<section class=\"elementor-section elementor-inner-section elementor-element elementor-element-4b48414 elementor-section-content-middle elementor-reverse-mobile elementor-section-boxed elementor-section-height-default elementor-section-height-default\" data-id=\"4b48414\" data-element_type=\"section\">\n\t\t\t\t\t\t<div class=\"elementor-container elementor-column-gap-no\">\n\t\t\t\t\t<div class=\"elementor-column elementor-col-50 elementor-inner-column elementor-element elementor-element-560f0ed\" data-id=\"560f0ed\" data-element_type=\"column\" data-settings=\"{&quot;background_background&quot;:&quot;classic&quot;}\">\n\t\t\t<div class=\"elementor-widget-wrap elementor-element-populated\">\n\t\t\t\t\t\t<div class=\"elementor-element elementor-element-84f36b3 elementor-widget elementor-widget-text-editor\" data-id=\"84f36b3\" data-element_type=\"widget\" data-widget_type=\"text-editor.default\">\n\t\t\t\t<div class=\"elementor-widget-container\">\n\t\t\t\t\t\t\t\t\t<h6>Serveis<\/h6><h3>Penal<\/h3>\t\t\t\t\t\t\t\t<\/div>\n\t\t\t\t<\/div>\n\t\t\t\t\t<\/div>\n\t\t<\/div>\n\t\t\t\t<div class=\"elementor-column elementor-col-50 elementor-inner-column elementor-element elementor-element-85998aa\" data-id=\"85998aa\" data-element_type=\"column\">\n\t\t\t<div class=\"elementor-widget-wrap elementor-element-populated\">\n\t\t\t\t\t\t<div class=\"elementor-element elementor-element-1c07fe3 elementor-widget elementor-widget-image\" data-id=\"1c07fe3\" data-element_type=\"widget\" data-widget_type=\"image.default\">\n\t\t\t\t<div class=\"elementor-widget-container\">\n\t\t\t\t\t\t\t\t\t\t\t\t\t\t\t<img fetchpriority=\"high\" decoding=\"async\" width=\"1024\" height=\"683\" src=\"https:\/\/nvgabogados.com\/wp-content\/uploads\/2021\/09\/nvg-abogados-2-1024x683.jpg\" class=\"attachment-large size-large wp-image-773\" alt=\"\" srcset=\"https:\/\/nvgabogados.com\/wp-content\/uploads\/2021\/09\/nvg-abogados-2-1024x683.jpg 1024w, https:\/\/nvgabogados.com\/wp-content\/uploads\/2021\/09\/nvg-abogados-2-300x200.jpg 300w, https:\/\/nvgabogados.com\/wp-content\/uploads\/2021\/09\/nvg-abogados-2-768x512.jpg 768w, https:\/\/nvgabogados.com\/wp-content\/uploads\/2021\/09\/nvg-abogados-2-1536x1024.jpg 1536w, https:\/\/nvgabogados.com\/wp-content\/uploads\/2021\/09\/nvg-abogados-2-219x146.jpg 219w, https:\/\/nvgabogados.com\/wp-content\/uploads\/2021\/09\/nvg-abogados-2-50x33.jpg 50w, https:\/\/nvgabogados.com\/wp-content\/uploads\/2021\/09\/nvg-abogados-2-113x75.jpg 113w, https:\/\/nvgabogados.com\/wp-content\/uploads\/2021\/09\/nvg-abogados-2.jpg 1920w\" sizes=\"(max-width: 1024px) 100vw, 1024px\" \/>\t\t\t\t\t\t\t\t\t\t\t\t\t\t\t<\/div>\n\t\t\t\t<\/div>\n\t\t\t\t\t<\/div>\n\t\t<\/div>\n\t\t\t\t\t<\/div>\n\t\t<\/section>\n\t\t\t\t<div class=\"elementor-element elementor-element-44a5c9b elementor-widget elementor-widget-text-editor\" data-id=\"44a5c9b\" data-element_type=\"widget\" data-widget_type=\"text-editor.default\">\n\t\t\t\t<div class=\"elementor-widget-container\">\n\t\t\t\t\t\t\t\t\t<p><strong>NVG advocats<\/strong> estem especialitzats en casos de <strong>responsabilitat penal<\/strong> de les persones jur\u00eddiques, de directius i de treballadors.<\/p><p>Ajudem a fer que les empreses puguin preveure qualsevol tipus de situaci\u00f3 controvertida a trav\u00e9s del nostre servei de consultoria, elaborant juntament amb els nostres clients un sistema de <strong>prevenci\u00f3 de riscos penals<\/strong> i atenent sempre les caracter\u00edstiques particulars de l&#8217;organitzaci\u00f3.<\/p><p>D&#8217;altra banda, a <strong>NVG advocats<\/strong> ofereix la seva experi\u00e8ncia en temes de delictes contra els drets dels treballadors, tant en la defensa dels interessos dels treballadors accidentats (en qu\u00e8 s&#8217;exerceix l&#8217;acusaci\u00f3 particular) com en la defensa de les empreses i individus investigats en aquest tipus de procediments penals.<\/p><p>A la defensa penal, <strong>NVG advocats<\/strong> no nom\u00e9s t\u00e9 un enfocament econ\u00f2mic i empresarial, tamb\u00e9 com a persona f\u00edsica intervenim en reclamacions per accidents de tr\u00e0nsit, defensa en delictes contra la vida i la integritat f\u00edsica i moral o defensa en delictes contra la intimitat, delictes de viol\u00e8ncia de g\u00e8nere entre molts altres.<\/p>\t\t\t\t\t\t\t\t<\/div>\n\t\t\t\t<\/div>\n\t\t\t\t\t<\/div>\n\t\t<\/div>\n\t\t\t\t\t<\/div>\n\t\t<\/section>\n\t\t\t\t<\/div>\n\t\t","protected":false},"excerpt":{"rendered":"<p>Serveis Penal Penal Serveis Penal NVG advocats estem especialitzats en casos de responsabilitat penal de les persones jur\u00eddiques, de directius i de treballadors. Ajudem a fer<span class=\"excerpt-hellip\"> [\u2026]<\/span><\/p>\n","protected":false},"author":1,"featured_media":0,"parent":831,"menu_order":0,"comment_status":"closed","ping_status":"closed","template":"","meta":{"inline_featured_image":false,"_joinchat":[],"footnotes":""},"class_list":["post-884","page","type-page","status-publish","hentry"],"_links":{"self":[{"href":"https:\/\/nvgabogados.com\/ca\/wp-json\/wp\/v2\/pages\/884","targetHints":{"allow":["GET"]}}],"collection":[{"href":"https:\/\/nvgabogados.com\/ca\/wp-json\/wp\/v2\/pages"}],"about":[{"href":"https:\/\/nvgabogados.com\/ca\/wp-json\/wp\/v2\/types\/page"}],"author":[{"embeddable":true,"href":"https:\/\/nvgabogados.com\/ca\/wp-json\/wp\/v2\/users\/1"}],"replies":[{"embeddable":true,"href":"https:\/\/nvgabogados.com\/ca\/wp-json\/wp\/v2\/comments?post=884"}],"version-history":[{"count":4,"href":"https:\/\/nvgabogados.com\/ca\/wp-json\/wp\/v2\/pages\/884\/revisions"}],"predecessor-version":[{"id":889,"href":"https:\/\/nvgabogados.com\/ca\/wp-json\/wp\/v2\/pages\/884\/revisions\/889"}],"up":[{"embeddable":true,"href":"https:\/\/nvgabogados.com\/ca\/wp-json\/wp\/v2\/pages\/831"}],"wp:attachment":[{"href":"https:\/\/nvgabogados.com\/ca\/wp-json\/wp\/v2\/media?parent=884"}],"curies":[{"name":"wp","href":"https:\/\/api.w.org\/{rel}","templated":true}]}}