{"id":872,"date":"2021-09-17T12:57:24","date_gmt":"2021-09-17T10:57:24","guid":{"rendered":"https:\/\/nvgabogados.com\/serveis\/mercantil\/"},"modified":"2021-10-27T09:22:25","modified_gmt":"2021-10-27T07:22:25","slug":"mercantil","status":"publish","type":"page","link":"https:\/\/nvgabogados.com\/ca\/serveis\/mercantil\/","title":{"rendered":"Mercantil"},"content":{"rendered":"\t\t<div data-elementor-type=\"wp-page\" data-elementor-id=\"872\" class=\"elementor elementor-872 elementor-643\">\n\t\t\t\t\t\t<section class=\"elementor-section elementor-top-section elementor-element elementor-element-6f5d41c elementor-section-stretched elementor-section-boxed elementor-section-height-default elementor-section-height-default\" data-id=\"6f5d41c\" data-element_type=\"section\" data-settings=\"{&quot;stretch_section&quot;:&quot;section-stretched&quot;,&quot;background_background&quot;:&quot;classic&quot;}\">\n\t\t\t\t\t\t<div class=\"elementor-container elementor-column-gap-wider\">\n\t\t\t\t\t<div class=\"elementor-column elementor-col-100 elementor-top-column elementor-element elementor-element-7e67453\" data-id=\"7e67453\" data-element_type=\"column\">\n\t\t\t<div class=\"elementor-widget-wrap elementor-element-populated\">\n\t\t\t\t\t\t<div class=\"elementor-element elementor-element-611950a elementor-widget elementor-widget-text-editor\" data-id=\"611950a\" data-element_type=\"widget\" data-widget_type=\"text-editor.default\">\n\t\t\t\t<div class=\"elementor-widget-container\">\n\t\t\t\t\t\t\t\t\t<h6>Serveis<\/h6>\n<h2><span style=\"color: #ffffff;\">Mercantil<\/span><\/h2>\t\t\t\t\t\t\t\t<\/div>\n\t\t\t\t<\/div>\n\t\t\t\t\t<\/div>\n\t\t<\/div>\n\t\t\t\t\t<\/div>\n\t\t<\/section>\n\t\t\t\t<section class=\"elementor-section elementor-top-section elementor-element elementor-element-6ef3bc7 elementor-section-stretched dark elementor-section-boxed elementor-section-height-default elementor-section-height-default\" data-id=\"6ef3bc7\" data-element_type=\"section\" data-settings=\"{&quot;stretch_section&quot;:&quot;section-stretched&quot;}\">\n\t\t\t\t\t\t<div class=\"elementor-container elementor-column-gap-wider\">\n\t\t\t\t\t<div class=\"elementor-column elementor-col-100 elementor-top-column elementor-element elementor-element-1059457\" data-id=\"1059457\" data-element_type=\"column\">\n\t\t\t<div class=\"elementor-widget-wrap elementor-element-populated\">\n\t\t\t\t\t\t<section class=\"elementor-section elementor-inner-section elementor-element elementor-element-999095c elementor-section-boxed elementor-section-height-default elementor-section-height-default\" data-id=\"999095c\" data-element_type=\"section\" data-settings=\"{&quot;background_background&quot;:&quot;classic&quot;}\">\n\t\t\t\t\t\t<div class=\"elementor-container elementor-column-gap-default\">\n\t\t\t\t\t<div class=\"elementor-column elementor-col-33 elementor-inner-column elementor-element elementor-element-ffa34ce\" data-id=\"ffa34ce\" data-element_type=\"column\">\n\t\t\t<div class=\"elementor-widget-wrap elementor-element-populated\">\n\t\t\t\t\t\t<div class=\"elementor-element elementor-element-16574c5 elementor-view-stacked elementor-shape-circle elementor-position-top elementor-mobile-position-top elementor-widget elementor-widget-icon-box\" data-id=\"16574c5\" data-element_type=\"widget\" data-widget_type=\"icon-box.default\">\n\t\t\t\t<div class=\"elementor-widget-container\">\n\t\t\t\t\t\t\t<div class=\"elementor-icon-box-wrapper\">\n\n\t\t\t\t\t\t<div class=\"elementor-icon-box-icon\">\n\t\t\t\t<a href=\"#mercantil\" class=\"elementor-icon\" tabindex=\"-1\" aria-label=\"Mercantil - Societari\">\n\t\t\t\t<i aria-hidden=\"true\" class=\"fas fa-balance-scale\"><\/i>\t\t\t\t<\/a>\n\t\t\t<\/div>\n\t\t\t\n\t\t\t\t\t\t<div class=\"elementor-icon-box-content\">\n\n\t\t\t\t\t\t\t\t\t<h4 class=\"elementor-icon-box-title\">\n\t\t\t\t\t\t<a href=\"#mercantil\" >\n\t\t\t\t\t\t\tMercantil - Societari\t\t\t\t\t\t<\/a>\n\t\t\t\t\t<\/h4>\n\t\t\t\t\n\t\t\t\t\n\t\t\t<\/div>\n\t\t\t\n\t\t<\/div>\n\t\t\t\t\t\t<\/div>\n\t\t\t\t<\/div>\n\t\t\t\t\t<\/div>\n\t\t<\/div>\n\t\t\t\t<div class=\"elementor-column elementor-col-33 elementor-inner-column elementor-element elementor-element-5e2a1fd\" data-id=\"5e2a1fd\" data-element_type=\"column\">\n\t\t\t<div class=\"elementor-widget-wrap elementor-element-populated\">\n\t\t\t\t\t\t<div class=\"elementor-element elementor-element-cf8ff1b elementor-view-stacked elementor-shape-circle elementor-position-top elementor-mobile-position-top elementor-widget elementor-widget-icon-box\" data-id=\"cf8ff1b\" data-element_type=\"widget\" data-widget_type=\"icon-box.default\">\n\t\t\t\t<div class=\"elementor-widget-container\">\n\t\t\t\t\t\t\t<div class=\"elementor-icon-box-wrapper\">\n\n\t\t\t\t\t\t<div class=\"elementor-icon-box-icon\">\n\t\t\t\t<a href=\"#gestioncrisis\" class=\"elementor-icon\" tabindex=\"-1\" aria-label=\"Gesti\u00f3 de crisi y continuitat de negoci\">\n\t\t\t\t<i aria-hidden=\"true\" class=\"fas fa-balance-scale\"><\/i>\t\t\t\t<\/a>\n\t\t\t<\/div>\n\t\t\t\n\t\t\t\t\t\t<div class=\"elementor-icon-box-content\">\n\n\t\t\t\t\t\t\t\t\t<h4 class=\"elementor-icon-box-title\">\n\t\t\t\t\t\t<a href=\"#gestioncrisis\" >\n\t\t\t\t\t\t\tGesti\u00f3 de crisi y continuitat de negoci\t\t\t\t\t\t<\/a>\n\t\t\t\t\t<\/h4>\n\t\t\t\t\n\t\t\t\t\n\t\t\t<\/div>\n\t\t\t\n\t\t<\/div>\n\t\t\t\t\t\t<\/div>\n\t\t\t\t<\/div>\n\t\t\t\t\t<\/div>\n\t\t<\/div>\n\t\t\t\t<div class=\"elementor-column elementor-col-33 elementor-inner-column elementor-element elementor-element-3ab03f6\" data-id=\"3ab03f6\" data-element_type=\"column\">\n\t\t\t<div class=\"elementor-widget-wrap elementor-element-populated\">\n\t\t\t\t\t\t<div class=\"elementor-element elementor-element-e5b1f92 elementor-view-stacked elementor-shape-circle elementor-position-top elementor-mobile-position-top elementor-widget elementor-widget-icon-box\" data-id=\"e5b1f92\" data-element_type=\"widget\" data-widget_type=\"icon-box.default\">\n\t\t\t\t<div class=\"elementor-widget-container\">\n\t\t\t\t\t\t\t<div class=\"elementor-icon-box-wrapper\">\n\n\t\t\t\t\t\t<div class=\"elementor-icon-box-icon\">\n\t\t\t\t<a href=\"#concursal\" class=\"elementor-icon\" tabindex=\"-1\" aria-label=\"Concursal\">\n\t\t\t\t<i aria-hidden=\"true\" class=\"fas fa-balance-scale\"><\/i>\t\t\t\t<\/a>\n\t\t\t<\/div>\n\t\t\t\n\t\t\t\t\t\t<div class=\"elementor-icon-box-content\">\n\n\t\t\t\t\t\t\t\t\t<h4 class=\"elementor-icon-box-title\">\n\t\t\t\t\t\t<a href=\"#concursal\" >\n\t\t\t\t\t\t\tConcursal\t\t\t\t\t\t<\/a>\n\t\t\t\t\t<\/h4>\n\t\t\t\t\n\t\t\t\t\n\t\t\t<\/div>\n\t\t\t\n\t\t<\/div>\n\t\t\t\t\t\t<\/div>\n\t\t\t\t<\/div>\n\t\t\t\t\t<\/div>\n\t\t<\/div>\n\t\t\t\t\t<\/div>\n\t\t<\/section>\n\t\t\t\t\t<\/div>\n\t\t<\/div>\n\t\t\t\t\t<\/div>\n\t\t<\/section>\n\t\t\t\t<section class=\"elementor-section elementor-top-section elementor-element elementor-element-99696bd elementor-section-stretched elementor-section-boxed elementor-section-height-default elementor-section-height-default\" data-id=\"99696bd\" data-element_type=\"section\" id=\"mercantil\" data-settings=\"{&quot;stretch_section&quot;:&quot;section-stretched&quot;}\">\n\t\t\t\t\t\t<div class=\"elementor-container elementor-column-gap-wider\">\n\t\t\t\t\t<div class=\"elementor-column elementor-col-100 elementor-top-column elementor-element elementor-element-762cb91\" data-id=\"762cb91\" data-element_type=\"column\">\n\t\t\t<div class=\"elementor-widget-wrap elementor-element-populated\">\n\t\t\t\t\t\t<section class=\"elementor-section elementor-inner-section elementor-element elementor-element-ed58080 elementor-section-content-middle elementor-reverse-mobile elementor-section-boxed elementor-section-height-default elementor-section-height-default\" data-id=\"ed58080\" data-element_type=\"section\">\n\t\t\t\t\t\t<div class=\"elementor-container elementor-column-gap-no\">\n\t\t\t\t\t<div class=\"elementor-column elementor-col-50 elementor-inner-column elementor-element elementor-element-d3dd7e9\" data-id=\"d3dd7e9\" data-element_type=\"column\" data-settings=\"{&quot;background_background&quot;:&quot;classic&quot;}\">\n\t\t\t<div class=\"elementor-widget-wrap elementor-element-populated\">\n\t\t\t\t\t\t<div class=\"elementor-element elementor-element-f8c8118 elementor-widget elementor-widget-text-editor\" data-id=\"f8c8118\" data-element_type=\"widget\" data-widget_type=\"text-editor.default\">\n\t\t\t\t<div class=\"elementor-widget-container\">\n\t\t\t\t\t\t\t\t\t<h6>Serveis<\/h6>\n<h3>Mercantil &#8211; Societari<\/h3>\t\t\t\t\t\t\t\t<\/div>\n\t\t\t\t<\/div>\n\t\t\t\t\t<\/div>\n\t\t<\/div>\n\t\t\t\t<div class=\"elementor-column elementor-col-50 elementor-inner-column elementor-element elementor-element-7b8468a\" data-id=\"7b8468a\" data-element_type=\"column\">\n\t\t\t<div class=\"elementor-widget-wrap elementor-element-populated\">\n\t\t\t\t\t\t<div class=\"elementor-element elementor-element-d8a6bab elementor-widget elementor-widget-image\" data-id=\"d8a6bab\" data-element_type=\"widget\" data-widget_type=\"image.default\">\n\t\t\t\t<div class=\"elementor-widget-container\">\n\t\t\t\t\t\t\t\t\t\t\t\t\t\t\t<img fetchpriority=\"high\" decoding=\"async\" width=\"1024\" height=\"683\" src=\"https:\/\/nvgabogados.com\/wp-content\/uploads\/2021\/09\/nvg-abogados-2-1024x683.jpg\" class=\"attachment-large size-large wp-image-773\" alt=\"\" srcset=\"https:\/\/nvgabogados.com\/wp-content\/uploads\/2021\/09\/nvg-abogados-2-1024x683.jpg 1024w, https:\/\/nvgabogados.com\/wp-content\/uploads\/2021\/09\/nvg-abogados-2-300x200.jpg 300w, https:\/\/nvgabogados.com\/wp-content\/uploads\/2021\/09\/nvg-abogados-2-768x512.jpg 768w, https:\/\/nvgabogados.com\/wp-content\/uploads\/2021\/09\/nvg-abogados-2-1536x1024.jpg 1536w, https:\/\/nvgabogados.com\/wp-content\/uploads\/2021\/09\/nvg-abogados-2-219x146.jpg 219w, https:\/\/nvgabogados.com\/wp-content\/uploads\/2021\/09\/nvg-abogados-2-50x33.jpg 50w, https:\/\/nvgabogados.com\/wp-content\/uploads\/2021\/09\/nvg-abogados-2-113x75.jpg 113w, https:\/\/nvgabogados.com\/wp-content\/uploads\/2021\/09\/nvg-abogados-2.jpg 1920w\" sizes=\"(max-width: 1024px) 100vw, 1024px\" \/>\t\t\t\t\t\t\t\t\t\t\t\t\t\t\t<\/div>\n\t\t\t\t<\/div>\n\t\t\t\t\t<\/div>\n\t\t<\/div>\n\t\t\t\t\t<\/div>\n\t\t<\/section>\n\t\t\t\t<div class=\"elementor-element elementor-element-f600a8a elementor-widget elementor-widget-text-editor\" data-id=\"f600a8a\" data-element_type=\"widget\" data-widget_type=\"text-editor.default\">\n\t\t\t\t<div class=\"elementor-widget-container\">\n\t\t\t\t\t\t\t\t\t<p><strong>NVG advocats<\/strong> ofereix als seus clients la seva experi\u00e8ncia en la <strong>constituci\u00f3 de societats de capital (SA, SL, SLU), cooperatives, societats civils i comunitats de b\u00e9ns<\/strong>, aix\u00ed com en l&#8217;administraci\u00f3 i la gesti\u00f3 burocr\u00e0tica, per exemple quant a la porta de llibres d\u2019actes, accions i accionistes, redacci\u00f3 i modificaci\u00f3 d\u2019estatuts, constituci\u00f3 dels \u00f2rgans d\u2019administraci\u00f3, convocat\u00f2ria de juntes i redacci\u00f3 d\u2019actes.<\/p><p>A <strong>NVG advocats<\/strong> tamb\u00e9 oferim assessorament i consultoria en dret mercantil i societari en q\u00fcestions tan sensibles i complexes com la pol\u00edtica de retribuci\u00f3 d&#8217;administradors i consellers o l&#8217;adopci\u00f3 d&#8217;acords abusius i lesius per part de la majoria accionarial davant de la minoria.<\/p><p>Ajudem a abordar la canviant normativa jur\u00eddica relacionada amb les noves tecnologies, assegurant <strong>simplificar qualsevol complexitat en mat\u00e8ries com a comer\u00e7 i signatura electr\u00f2nics<\/strong>, transfer\u00e8ncia de tecnologia i contractes i llic\u00e8ncies de programari.<\/p><p>Igualment, <strong>assessorem en mat\u00e8ria de drets de propietat intel\u00b7lectual i industrial<\/strong>, com ara els drets d&#8217;autor i d&#8217;imatge, patents o marques.<\/p><p>En mat\u00e8ria de <strong>protecci\u00f3 de dades<\/strong> oferim tant el servei d&#8217;an\u00e0lisi i avaluaci\u00f3 de la situaci\u00f3 actual de les empreses, a efectes d&#8217;aconsellar les modificacions o actualitzacions necess\u00e0ries com l&#8217;elaboraci\u00f3 de tot el protocol de compliment des de l&#8217;inici fins al final.<\/p>\t\t\t\t\t\t\t\t<\/div>\n\t\t\t\t<\/div>\n\t\t\t\t\t<\/div>\n\t\t<\/div>\n\t\t\t\t\t<\/div>\n\t\t<\/section>\n\t\t\t\t<section class=\"elementor-section elementor-top-section elementor-element elementor-element-cbff954 elementor-section-stretched elementor-section-boxed elementor-section-height-default elementor-section-height-default\" data-id=\"cbff954\" data-element_type=\"section\" id=\"gestioncrisis\" data-settings=\"{&quot;stretch_section&quot;:&quot;section-stretched&quot;,&quot;background_background&quot;:&quot;classic&quot;}\">\n\t\t\t\t\t\t<div class=\"elementor-container elementor-column-gap-wider\">\n\t\t\t\t\t<div class=\"elementor-column elementor-col-100 elementor-top-column elementor-element elementor-element-9dde004\" data-id=\"9dde004\" data-element_type=\"column\">\n\t\t\t<div class=\"elementor-widget-wrap elementor-element-populated\">\n\t\t\t\t\t\t<section class=\"elementor-section elementor-inner-section elementor-element elementor-element-60339c6 elementor-section-content-middle elementor-reverse-mobile elementor-section-boxed elementor-section-height-default elementor-section-height-default\" data-id=\"60339c6\" data-element_type=\"section\">\n\t\t\t\t\t\t<div class=\"elementor-container elementor-column-gap-no\">\n\t\t\t\t\t<div class=\"elementor-column elementor-col-50 elementor-inner-column elementor-element elementor-element-8ee51ee\" data-id=\"8ee51ee\" data-element_type=\"column\" data-settings=\"{&quot;background_background&quot;:&quot;classic&quot;}\">\n\t\t\t<div class=\"elementor-widget-wrap elementor-element-populated\">\n\t\t\t\t\t\t<div class=\"elementor-element elementor-element-83dfb8d elementor-widget elementor-widget-text-editor\" data-id=\"83dfb8d\" data-element_type=\"widget\" data-widget_type=\"text-editor.default\">\n\t\t\t\t<div class=\"elementor-widget-container\">\n\t\t\t\t\t\t\t\t\t<h6>Serveis<\/h6>\n<h3>Gesti\u00f3 de crisi y continuitat de negoci<\/h3>\t\t\t\t\t\t\t\t<\/div>\n\t\t\t\t<\/div>\n\t\t\t\t\t<\/div>\n\t\t<\/div>\n\t\t\t\t<div class=\"elementor-column elementor-col-50 elementor-inner-column elementor-element elementor-element-6983c6c\" data-id=\"6983c6c\" data-element_type=\"column\">\n\t\t\t<div class=\"elementor-widget-wrap elementor-element-populated\">\n\t\t\t\t\t\t<div class=\"elementor-element elementor-element-5df6516 elementor-widget elementor-widget-image\" data-id=\"5df6516\" data-element_type=\"widget\" data-widget_type=\"image.default\">\n\t\t\t\t<div class=\"elementor-widget-container\">\n\t\t\t\t\t\t\t\t\t\t\t\t\t\t\t<img fetchpriority=\"high\" decoding=\"async\" width=\"1024\" height=\"683\" src=\"https:\/\/nvgabogados.com\/wp-content\/uploads\/2021\/09\/nvg-abogados-2-1024x683.jpg\" class=\"attachment-large size-large wp-image-773\" alt=\"\" srcset=\"https:\/\/nvgabogados.com\/wp-content\/uploads\/2021\/09\/nvg-abogados-2-1024x683.jpg 1024w, https:\/\/nvgabogados.com\/wp-content\/uploads\/2021\/09\/nvg-abogados-2-300x200.jpg 300w, https:\/\/nvgabogados.com\/wp-content\/uploads\/2021\/09\/nvg-abogados-2-768x512.jpg 768w, https:\/\/nvgabogados.com\/wp-content\/uploads\/2021\/09\/nvg-abogados-2-1536x1024.jpg 1536w, https:\/\/nvgabogados.com\/wp-content\/uploads\/2021\/09\/nvg-abogados-2-219x146.jpg 219w, https:\/\/nvgabogados.com\/wp-content\/uploads\/2021\/09\/nvg-abogados-2-50x33.jpg 50w, https:\/\/nvgabogados.com\/wp-content\/uploads\/2021\/09\/nvg-abogados-2-113x75.jpg 113w, https:\/\/nvgabogados.com\/wp-content\/uploads\/2021\/09\/nvg-abogados-2.jpg 1920w\" sizes=\"(max-width: 1024px) 100vw, 1024px\" \/>\t\t\t\t\t\t\t\t\t\t\t\t\t\t\t<\/div>\n\t\t\t\t<\/div>\n\t\t\t\t\t<\/div>\n\t\t<\/div>\n\t\t\t\t\t<\/div>\n\t\t<\/section>\n\t\t\t\t<div class=\"elementor-element elementor-element-94a8994 elementor-widget elementor-widget-text-editor\" data-id=\"94a8994\" data-element_type=\"widget\" data-widget_type=\"text-editor.default\">\n\t\t\t\t<div class=\"elementor-widget-container\">\n\t\t\t\t\t\t\t\t\t<p>Solucions integrals per a la <strong>gesti\u00f3 de les empreses en crisi<\/strong>.<\/p><p><strong>NVG advocats<\/strong> examina les situacions que sorgeixen en els <strong>processos de crisi empresarial<\/strong> i considera per a les circumst\u00e0ncies particulars quines s\u00f3n les necessitats del nostre client, prestant l&#8217;assessorament i la <strong>soluci\u00f3 m\u00e9s id\u00f2nia per a la vostra empresa o organitzaci\u00f3<\/strong>.<\/p><p>Els <strong>serveis i solucions<\/strong> poden incloure:<\/p><ul><li><strong>Reflotar una empresa mitjan\u00e7ant el refinan\u00e7ament.<\/strong><\/li><li><strong>Comprar o vendre una l\u00ednia de negoci.<\/strong><\/li><li><strong>Liquidar actius no estrat\u00e8gics.<\/strong><\/li><li><strong>Reorganitzar o redimensionar el grup o l&#8217;empresa.<\/strong><\/li><\/ul>\t\t\t\t\t\t\t\t<\/div>\n\t\t\t\t<\/div>\n\t\t\t\t\t<\/div>\n\t\t<\/div>\n\t\t\t\t\t<\/div>\n\t\t<\/section>\n\t\t\t\t<section class=\"elementor-section elementor-top-section elementor-element elementor-element-2c5dd44 elementor-section-stretched elementor-section-boxed elementor-section-height-default elementor-section-height-default\" data-id=\"2c5dd44\" data-element_type=\"section\" id=\"concursal\" data-settings=\"{&quot;stretch_section&quot;:&quot;section-stretched&quot;}\">\n\t\t\t\t\t\t<div class=\"elementor-container elementor-column-gap-wider\">\n\t\t\t\t\t<div class=\"elementor-column elementor-col-100 elementor-top-column elementor-element elementor-element-4aadc8e\" data-id=\"4aadc8e\" data-element_type=\"column\">\n\t\t\t<div class=\"elementor-widget-wrap elementor-element-populated\">\n\t\t\t\t\t\t<section class=\"elementor-section elementor-inner-section elementor-element elementor-element-926259e elementor-section-content-middle elementor-reverse-mobile elementor-section-boxed elementor-section-height-default elementor-section-height-default\" data-id=\"926259e\" data-element_type=\"section\">\n\t\t\t\t\t\t<div class=\"elementor-container elementor-column-gap-no\">\n\t\t\t\t\t<div class=\"elementor-column elementor-col-50 elementor-inner-column elementor-element elementor-element-2f0de7e\" data-id=\"2f0de7e\" data-element_type=\"column\" data-settings=\"{&quot;background_background&quot;:&quot;classic&quot;}\">\n\t\t\t<div class=\"elementor-widget-wrap elementor-element-populated\">\n\t\t\t\t\t\t<div class=\"elementor-element elementor-element-8eef9e6 elementor-widget elementor-widget-text-editor\" data-id=\"8eef9e6\" data-element_type=\"widget\" data-widget_type=\"text-editor.default\">\n\t\t\t\t<div class=\"elementor-widget-container\">\n\t\t\t\t\t\t\t\t\t<h6>Serveis<\/h6><h3>Concursal<\/h3>\t\t\t\t\t\t\t\t<\/div>\n\t\t\t\t<\/div>\n\t\t\t\t\t<\/div>\n\t\t<\/div>\n\t\t\t\t<div class=\"elementor-column elementor-col-50 elementor-inner-column elementor-element elementor-element-9250686\" data-id=\"9250686\" data-element_type=\"column\">\n\t\t\t<div class=\"elementor-widget-wrap elementor-element-populated\">\n\t\t\t\t\t\t<div class=\"elementor-element elementor-element-36aa945 elementor-widget elementor-widget-image\" data-id=\"36aa945\" data-element_type=\"widget\" data-widget_type=\"image.default\">\n\t\t\t\t<div class=\"elementor-widget-container\">\n\t\t\t\t\t\t\t\t\t\t\t\t\t\t\t<img fetchpriority=\"high\" decoding=\"async\" width=\"1024\" height=\"683\" src=\"https:\/\/nvgabogados.com\/wp-content\/uploads\/2021\/09\/nvg-abogados-2-1024x683.jpg\" class=\"attachment-large size-large wp-image-773\" alt=\"\" srcset=\"https:\/\/nvgabogados.com\/wp-content\/uploads\/2021\/09\/nvg-abogados-2-1024x683.jpg 1024w, https:\/\/nvgabogados.com\/wp-content\/uploads\/2021\/09\/nvg-abogados-2-300x200.jpg 300w, https:\/\/nvgabogados.com\/wp-content\/uploads\/2021\/09\/nvg-abogados-2-768x512.jpg 768w, https:\/\/nvgabogados.com\/wp-content\/uploads\/2021\/09\/nvg-abogados-2-1536x1024.jpg 1536w, https:\/\/nvgabogados.com\/wp-content\/uploads\/2021\/09\/nvg-abogados-2-219x146.jpg 219w, https:\/\/nvgabogados.com\/wp-content\/uploads\/2021\/09\/nvg-abogados-2-50x33.jpg 50w, https:\/\/nvgabogados.com\/wp-content\/uploads\/2021\/09\/nvg-abogados-2-113x75.jpg 113w, https:\/\/nvgabogados.com\/wp-content\/uploads\/2021\/09\/nvg-abogados-2.jpg 1920w\" sizes=\"(max-width: 1024px) 100vw, 1024px\" \/>\t\t\t\t\t\t\t\t\t\t\t\t\t\t\t<\/div>\n\t\t\t\t<\/div>\n\t\t\t\t\t<\/div>\n\t\t<\/div>\n\t\t\t\t\t<\/div>\n\t\t<\/section>\n\t\t\t\t<div class=\"elementor-element elementor-element-3f2ec13 elementor-widget elementor-widget-text-editor\" data-id=\"3f2ec13\" data-element_type=\"widget\" data-widget_type=\"text-editor.default\">\n\t\t\t\t<div class=\"elementor-widget-container\">\n\t\t\t\t\t\t\t\t\t<p><strong>NVG advocats<\/strong> tenim una dilatada experi\u00e8ncia en insolv\u00e8ncia empresarial. <strong>Assessorem <\/strong>els nostres clients en situacions preconcursals, aix\u00ed com durant la declaraci\u00f3 de concurs. En concret intervenim en les seg\u00fcents <strong>actuacions<\/strong>:<\/p><p>\u00a0<\/p><ul><li>Tractament d\u00b4insolv\u00e8ncia empresarial..<\/li><li><strong>Intervenci\u00f3<\/strong> en procediments de fallida, suspensi\u00f3 de pagaments i acords de reestructuraci\u00f3 de deute.<\/li><li>Experi\u00e8ncia d\u2019intervenci\u00f3 en situacions de <strong>crisi empresarial<\/strong> aplicant mesures para concursals o de liquidaci\u00f3 administrativa de les empreses.<\/li><\/ul>\t\t\t\t\t\t\t\t<\/div>\n\t\t\t\t<\/div>\n\t\t\t\t\t<\/div>\n\t\t<\/div>\n\t\t\t\t\t<\/div>\n\t\t<\/section>\n\t\t\t\t<\/div>\n\t\t","protected":false},"excerpt":{"rendered":"<p>Serveis Mercantil Mercantil &#8211; Societari Gesti\u00f3 de crisi y continuitat de negoci Concursal Serveis Mercantil &#8211; Societari NVG advocats ofereix als seus clients la seva experi\u00e8ncia<span class=\"excerpt-hellip\"> [\u2026]<\/span><\/p>\n","protected":false},"author":1,"featured_media":0,"parent":831,"menu_order":0,"comment_status":"closed","ping_status":"closed","template":"","meta":{"inline_featured_image":false,"_joinchat":[],"footnotes":""},"class_list":["post-872","page","type-page","status-publish","hentry"],"_links":{"self":[{"href":"https:\/\/nvgabogados.com\/ca\/wp-json\/wp\/v2\/pages\/872","targetHints":{"allow":["GET"]}}],"collection":[{"href":"https:\/\/nvgabogados.com\/ca\/wp-json\/wp\/v2\/pages"}],"about":[{"href":"https:\/\/nvgabogados.com\/ca\/wp-json\/wp\/v2\/types\/page"}],"author":[{"embeddable":true,"href":"https:\/\/nvgabogados.com\/ca\/wp-json\/wp\/v2\/users\/1"}],"replies":[{"embeddable":true,"href":"https:\/\/nvgabogados.com\/ca\/wp-json\/wp\/v2\/comments?post=872"}],"version-history":[{"count":10,"href":"https:\/\/nvgabogados.com\/ca\/wp-json\/wp\/v2\/pages\/872\/revisions"}],"predecessor-version":[{"id":882,"href":"https:\/\/nvgabogados.com\/ca\/wp-json\/wp\/v2\/pages\/872\/revisions\/882"}],"up":[{"embeddable":true,"href":"https:\/\/nvgabogados.com\/ca\/wp-json\/wp\/v2\/pages\/831"}],"wp:attachment":[{"href":"https:\/\/nvgabogados.com\/ca\/wp-json\/wp\/v2\/media?parent=872"}],"curies":[{"name":"wp","href":"https:\/\/api.w.org\/{rel}","templated":true}]}}