{"id":865,"date":"2021-09-17T12:58:51","date_gmt":"2021-09-17T10:58:51","guid":{"rendered":"https:\/\/nvgabogados.com\/serveis\/fiscal-tributario\/"},"modified":"2021-10-27T09:14:30","modified_gmt":"2021-10-27T07:14:30","slug":"fiscal-tributari","status":"publish","type":"page","link":"https:\/\/nvgabogados.com\/ca\/serveis\/fiscal-tributari\/","title":{"rendered":"Fiscal &#8211; Tributari"},"content":{"rendered":"\t\t<div data-elementor-type=\"wp-page\" data-elementor-id=\"865\" class=\"elementor elementor-865 elementor-650\">\n\t\t\t\t\t\t<section class=\"elementor-section elementor-top-section elementor-element elementor-element-6f5d41c elementor-section-stretched elementor-section-boxed elementor-section-height-default elementor-section-height-default\" data-id=\"6f5d41c\" data-element_type=\"section\" data-settings=\"{&quot;stretch_section&quot;:&quot;section-stretched&quot;,&quot;background_background&quot;:&quot;classic&quot;}\">\n\t\t\t\t\t\t<div class=\"elementor-container elementor-column-gap-wider\">\n\t\t\t\t\t<div class=\"elementor-column elementor-col-100 elementor-top-column elementor-element elementor-element-7e67453\" data-id=\"7e67453\" data-element_type=\"column\">\n\t\t\t<div class=\"elementor-widget-wrap elementor-element-populated\">\n\t\t\t\t\t\t<div class=\"elementor-element elementor-element-611950a elementor-widget elementor-widget-text-editor\" data-id=\"611950a\" data-element_type=\"widget\" data-widget_type=\"text-editor.default\">\n\t\t\t\t<div class=\"elementor-widget-container\">\n\t\t\t\t\t\t\t\t\t<h6>Serveis<\/h6>\n<h2><span style=\"color: #ffffff;\">Fiscal &#8211; Tributari<\/span><\/h2>\t\t\t\t\t\t\t\t<\/div>\n\t\t\t\t<\/div>\n\t\t\t\t\t<\/div>\n\t\t<\/div>\n\t\t\t\t\t<\/div>\n\t\t<\/section>\n\t\t\t\t<section class=\"elementor-section elementor-top-section elementor-element elementor-element-6ef3bc7 elementor-section-stretched dark elementor-section-boxed elementor-section-height-default elementor-section-height-default\" data-id=\"6ef3bc7\" data-element_type=\"section\" data-settings=\"{&quot;stretch_section&quot;:&quot;section-stretched&quot;}\">\n\t\t\t\t\t\t<div class=\"elementor-container elementor-column-gap-wider\">\n\t\t\t\t\t<div class=\"elementor-column elementor-col-100 elementor-top-column elementor-element elementor-element-1059457\" data-id=\"1059457\" data-element_type=\"column\">\n\t\t\t<div class=\"elementor-widget-wrap elementor-element-populated\">\n\t\t\t\t\t\t<section class=\"elementor-section elementor-inner-section elementor-element elementor-element-999095c elementor-section-boxed elementor-section-height-default elementor-section-height-default\" data-id=\"999095c\" data-element_type=\"section\" data-settings=\"{&quot;background_background&quot;:&quot;classic&quot;}\">\n\t\t\t\t\t\t<div class=\"elementor-container elementor-column-gap-default\">\n\t\t\t\t\t<div class=\"elementor-column elementor-col-33 elementor-inner-column elementor-element elementor-element-5e2a1fd\" data-id=\"5e2a1fd\" data-element_type=\"column\">\n\t\t\t<div class=\"elementor-widget-wrap\">\n\t\t\t\t\t\t\t<\/div>\n\t\t<\/div>\n\t\t\t\t<div class=\"elementor-column elementor-col-33 elementor-inner-column elementor-element elementor-element-3ab03f6\" data-id=\"3ab03f6\" data-element_type=\"column\">\n\t\t\t<div class=\"elementor-widget-wrap elementor-element-populated\">\n\t\t\t\t\t\t<div class=\"elementor-element elementor-element-809d504 elementor-view-stacked elementor-shape-circle elementor-position-top elementor-mobile-position-top elementor-widget elementor-widget-icon-box\" data-id=\"809d504\" data-element_type=\"widget\" data-widget_type=\"icon-box.default\">\n\t\t\t\t<div class=\"elementor-widget-container\">\n\t\t\t\t\t\t\t<div class=\"elementor-icon-box-wrapper\">\n\n\t\t\t\t\t\t<div class=\"elementor-icon-box-icon\">\n\t\t\t\t<a href=\"#fiscal\" class=\"elementor-icon\" tabindex=\"-1\" aria-label=\"Fiscal - Tributari\">\n\t\t\t\t<i aria-hidden=\"true\" class=\"fas fa-balance-scale\"><\/i>\t\t\t\t<\/a>\n\t\t\t<\/div>\n\t\t\t\n\t\t\t\t\t\t<div class=\"elementor-icon-box-content\">\n\n\t\t\t\t\t\t\t\t\t<h4 class=\"elementor-icon-box-title\">\n\t\t\t\t\t\t<a href=\"#fiscal\" >\n\t\t\t\t\t\t\tFiscal - Tributari\t\t\t\t\t\t<\/a>\n\t\t\t\t\t<\/h4>\n\t\t\t\t\n\t\t\t\t\n\t\t\t<\/div>\n\t\t\t\n\t\t<\/div>\n\t\t\t\t\t\t<\/div>\n\t\t\t\t<\/div>\n\t\t\t\t\t<\/div>\n\t\t<\/div>\n\t\t\t\t<div class=\"elementor-column elementor-col-33 elementor-inner-column elementor-element elementor-element-34b3282\" data-id=\"34b3282\" data-element_type=\"column\">\n\t\t\t<div class=\"elementor-widget-wrap\">\n\t\t\t\t\t\t\t<\/div>\n\t\t<\/div>\n\t\t\t\t\t<\/div>\n\t\t<\/section>\n\t\t\t\t\t<\/div>\n\t\t<\/div>\n\t\t\t\t\t<\/div>\n\t\t<\/section>\n\t\t\t\t<section class=\"elementor-section elementor-top-section elementor-element elementor-element-64fdff4 elementor-section-stretched elementor-section-boxed elementor-section-height-default elementor-section-height-default\" data-id=\"64fdff4\" data-element_type=\"section\" id=\"fiscal\" data-settings=\"{&quot;stretch_section&quot;:&quot;section-stretched&quot;,&quot;background_background&quot;:&quot;classic&quot;}\">\n\t\t\t\t\t\t<div class=\"elementor-container elementor-column-gap-wider\">\n\t\t\t\t\t<div class=\"elementor-column elementor-col-100 elementor-top-column elementor-element elementor-element-d80be33\" data-id=\"d80be33\" data-element_type=\"column\">\n\t\t\t<div class=\"elementor-widget-wrap elementor-element-populated\">\n\t\t\t\t\t\t<section class=\"elementor-section elementor-inner-section elementor-element elementor-element-54e8b5d elementor-section-content-middle elementor-reverse-mobile elementor-section-boxed elementor-section-height-default elementor-section-height-default\" data-id=\"54e8b5d\" data-element_type=\"section\">\n\t\t\t\t\t\t<div class=\"elementor-container elementor-column-gap-no\">\n\t\t\t\t\t<div class=\"elementor-column elementor-col-50 elementor-inner-column elementor-element elementor-element-f31fc4f\" data-id=\"f31fc4f\" data-element_type=\"column\" data-settings=\"{&quot;background_background&quot;:&quot;classic&quot;}\">\n\t\t\t<div class=\"elementor-widget-wrap elementor-element-populated\">\n\t\t\t\t\t\t<div class=\"elementor-element elementor-element-44a803c elementor-widget elementor-widget-text-editor\" data-id=\"44a803c\" data-element_type=\"widget\" data-widget_type=\"text-editor.default\">\n\t\t\t\t<div class=\"elementor-widget-container\">\n\t\t\t\t\t\t\t\t\t<h6>Serveis<\/h6>\n<h3>Fiscal &#8211; Tributari<\/h3>\t\t\t\t\t\t\t\t<\/div>\n\t\t\t\t<\/div>\n\t\t\t\t\t<\/div>\n\t\t<\/div>\n\t\t\t\t<div class=\"elementor-column elementor-col-50 elementor-inner-column elementor-element elementor-element-2e0ad53\" data-id=\"2e0ad53\" data-element_type=\"column\">\n\t\t\t<div class=\"elementor-widget-wrap elementor-element-populated\">\n\t\t\t\t\t\t<div class=\"elementor-element elementor-element-7f823a2 elementor-widget elementor-widget-image\" data-id=\"7f823a2\" data-element_type=\"widget\" data-widget_type=\"image.default\">\n\t\t\t\t<div class=\"elementor-widget-container\">\n\t\t\t\t\t\t\t\t\t\t\t\t\t\t\t<img fetchpriority=\"high\" decoding=\"async\" width=\"1024\" height=\"683\" src=\"https:\/\/nvgabogados.com\/wp-content\/uploads\/2021\/09\/nvg-abogados-2-1024x683.jpg\" class=\"attachment-large size-large wp-image-773\" alt=\"\" srcset=\"https:\/\/nvgabogados.com\/wp-content\/uploads\/2021\/09\/nvg-abogados-2-1024x683.jpg 1024w, https:\/\/nvgabogados.com\/wp-content\/uploads\/2021\/09\/nvg-abogados-2-300x200.jpg 300w, https:\/\/nvgabogados.com\/wp-content\/uploads\/2021\/09\/nvg-abogados-2-768x512.jpg 768w, https:\/\/nvgabogados.com\/wp-content\/uploads\/2021\/09\/nvg-abogados-2-1536x1024.jpg 1536w, https:\/\/nvgabogados.com\/wp-content\/uploads\/2021\/09\/nvg-abogados-2-219x146.jpg 219w, https:\/\/nvgabogados.com\/wp-content\/uploads\/2021\/09\/nvg-abogados-2-50x33.jpg 50w, https:\/\/nvgabogados.com\/wp-content\/uploads\/2021\/09\/nvg-abogados-2-113x75.jpg 113w, https:\/\/nvgabogados.com\/wp-content\/uploads\/2021\/09\/nvg-abogados-2.jpg 1920w\" sizes=\"(max-width: 1024px) 100vw, 1024px\" \/>\t\t\t\t\t\t\t\t\t\t\t\t\t\t\t<\/div>\n\t\t\t\t<\/div>\n\t\t\t\t\t<\/div>\n\t\t<\/div>\n\t\t\t\t\t<\/div>\n\t\t<\/section>\n\t\t\t\t<div class=\"elementor-element elementor-element-67aea06 elementor-widget elementor-widget-text-editor\" data-id=\"67aea06\" data-element_type=\"widget\" data-widget_type=\"text-editor.default\">\n\t\t\t\t<div class=\"elementor-widget-container\">\n\t\t\t\t\t\t\t\t\t<p><strong>NVG advocats<\/strong> tenim un coneixement <strong>especialitzat en mat\u00e8ria tribut\u00e0ria<\/strong> que us permet fer un enfocament integral en els serveis d&#8217;assessorament fiscal que oferim a empreses i particulars.<\/p><p>Intervenim en tots els procediments requerits davant de jutjats, tribunals o l&#8217;administraci\u00f3 tribut\u00e0ria.<\/p><p>Realitzem <strong>tota mena de declaracions tribut\u00e0ries<\/strong>, tant les relatives a les persones f\u00edsiques (IRPF, IVA, IRNR, etc.) com a les persones jur\u00eddiques (IS, IVA, etc.)<\/p><p>Tamb\u00e9 tractem q\u00fcestions sensibles i molt actuals com s\u00f3n les relatives a la <strong>successi\u00f3 a les empreses familiars o la planificaci\u00f3 fiscal de grups de societats<\/strong>.<\/p><p>Ens avala una \u00e0mplia experi\u00e8ncia en diverses tipologies de procediments davant l&#8217;Administraci\u00f3 Tribut\u00e0ria, com ara <strong>l&#8217;assist\u00e8ncia i la representaci\u00f3 de particulars<\/strong> (aut\u00f2noms) i empreses en procediments <strong>d&#8217;inspecci\u00f3 tribut\u00e0ria<\/strong>, aix\u00ed com en procediments de recaptaci\u00f3.<\/p><p>Si cal transcendir de la via administrativa a la judicial, <strong>NVG advocats<\/strong> t\u00e9 una \u00e0mplia i dilatada experi\u00e8ncia en el desenvolupament de procediments espec\u00edficament tributaris davant de Jutjats i Tribunals, estudiant sempre amb car\u00e0cter previ la viabilitat del recurs i les seves possibilitats d&#8217;\u00e8xit.<\/p><p><strong>L&#8217;\u00e0rea fiscal<\/strong> ofereix els serveis seg\u00fcents en aquesta mat\u00e8ria:<\/p><ul><li><strong>Recursos administratius i reclamacions Econ\u00f2mics Administratives<\/strong>.<\/li><li><strong>Direcci\u00f3 lletrada<\/strong> en procediments tributaris davant dels jutjats i tribunals contenci\u00f3s administratius en tota mena de recursos contra actes administratius dictats per l&#8217;estat, les comunitats aut\u00f2nomes i els ens locals.<\/li><li><strong>Defensa davant dexpedients sancionadors administratius i derivacions de responsabilitat<\/strong> iniciats contra els \u00f2rgans dAdministraci\u00f3 de la societat i oposici\u00f3 a les mesures cautelars, aix\u00ed com defensa en delictes contra la Hisenda P\u00fablica.<\/li><\/ul>\t\t\t\t\t\t\t\t<\/div>\n\t\t\t\t<\/div>\n\t\t\t\t\t<\/div>\n\t\t<\/div>\n\t\t\t\t\t<\/div>\n\t\t<\/section>\n\t\t\t\t<\/div>\n\t\t","protected":false},"excerpt":{"rendered":"<p>Serveis Fiscal &#8211; Tributari Fiscal &#8211; Tributari Serveis Fiscal &#8211; Tributari NVG advocats tenim un coneixement especialitzat en mat\u00e8ria tribut\u00e0ria que us permet fer un enfocament<span class=\"excerpt-hellip\"> [\u2026]<\/span><\/p>\n","protected":false},"author":1,"featured_media":0,"parent":831,"menu_order":0,"comment_status":"closed","ping_status":"closed","template":"","meta":{"inline_featured_image":false,"_joinchat":[],"footnotes":""},"class_list":["post-865","page","type-page","status-publish","hentry"],"_links":{"self":[{"href":"https:\/\/nvgabogados.com\/ca\/wp-json\/wp\/v2\/pages\/865","targetHints":{"allow":["GET"]}}],"collection":[{"href":"https:\/\/nvgabogados.com\/ca\/wp-json\/wp\/v2\/pages"}],"about":[{"href":"https:\/\/nvgabogados.com\/ca\/wp-json\/wp\/v2\/types\/page"}],"author":[{"embeddable":true,"href":"https:\/\/nvgabogados.com\/ca\/wp-json\/wp\/v2\/users\/1"}],"replies":[{"embeddable":true,"href":"https:\/\/nvgabogados.com\/ca\/wp-json\/wp\/v2\/comments?post=865"}],"version-history":[{"count":4,"href":"https:\/\/nvgabogados.com\/ca\/wp-json\/wp\/v2\/pages\/865\/revisions"}],"predecessor-version":[{"id":870,"href":"https:\/\/nvgabogados.com\/ca\/wp-json\/wp\/v2\/pages\/865\/revisions\/870"}],"up":[{"embeddable":true,"href":"https:\/\/nvgabogados.com\/ca\/wp-json\/wp\/v2\/pages\/831"}],"wp:attachment":[{"href":"https:\/\/nvgabogados.com\/ca\/wp-json\/wp\/v2\/media?parent=865"}],"curies":[{"name":"wp","href":"https:\/\/api.w.org\/{rel}","templated":true}]}}