{"id":838,"date":"2021-09-17T12:58:22","date_gmt":"2021-09-17T10:58:22","guid":{"rendered":"https:\/\/nvgabogados.com\/serveis\/administrativo\/"},"modified":"2021-10-27T08:51:47","modified_gmt":"2021-10-27T06:51:47","slug":"administratiu","status":"publish","type":"page","link":"https:\/\/nvgabogados.com\/ca\/serveis\/administratiu\/","title":{"rendered":"Administratiu"},"content":{"rendered":"\t\t<div data-elementor-type=\"wp-page\" data-elementor-id=\"838\" class=\"elementor elementor-838 elementor-648\">\n\t\t\t\t\t\t<section class=\"elementor-section elementor-top-section elementor-element elementor-element-6f5d41c elementor-section-stretched elementor-section-boxed elementor-section-height-default elementor-section-height-default\" data-id=\"6f5d41c\" data-element_type=\"section\" data-settings=\"{&quot;stretch_section&quot;:&quot;section-stretched&quot;,&quot;background_background&quot;:&quot;classic&quot;}\">\n\t\t\t\t\t\t<div class=\"elementor-container elementor-column-gap-wider\">\n\t\t\t\t\t<div class=\"elementor-column elementor-col-100 elementor-top-column elementor-element elementor-element-7e67453\" data-id=\"7e67453\" data-element_type=\"column\">\n\t\t\t<div class=\"elementor-widget-wrap elementor-element-populated\">\n\t\t\t\t\t\t<div class=\"elementor-element elementor-element-611950a elementor-widget elementor-widget-text-editor\" data-id=\"611950a\" data-element_type=\"widget\" data-widget_type=\"text-editor.default\">\n\t\t\t\t<div class=\"elementor-widget-container\">\n\t\t\t\t\t\t\t\t\t<h6>Serveis<\/h6>\n<h2><span style=\"color: #ffffff;\">Administratiu<\/span><\/h2>\t\t\t\t\t\t\t\t<\/div>\n\t\t\t\t<\/div>\n\t\t\t\t\t<\/div>\n\t\t<\/div>\n\t\t\t\t\t<\/div>\n\t\t<\/section>\n\t\t\t\t<section class=\"elementor-section elementor-top-section elementor-element elementor-element-6ef3bc7 elementor-section-stretched dark elementor-section-boxed elementor-section-height-default elementor-section-height-default\" data-id=\"6ef3bc7\" data-element_type=\"section\" data-settings=\"{&quot;stretch_section&quot;:&quot;section-stretched&quot;}\">\n\t\t\t\t\t\t<div class=\"elementor-container elementor-column-gap-wider\">\n\t\t\t\t\t<div class=\"elementor-column elementor-col-100 elementor-top-column elementor-element elementor-element-1059457\" data-id=\"1059457\" data-element_type=\"column\">\n\t\t\t<div class=\"elementor-widget-wrap elementor-element-populated\">\n\t\t\t\t\t\t<section class=\"elementor-section elementor-inner-section elementor-element elementor-element-999095c elementor-section-boxed elementor-section-height-default elementor-section-height-default\" data-id=\"999095c\" data-element_type=\"section\" data-settings=\"{&quot;background_background&quot;:&quot;classic&quot;}\">\n\t\t\t\t\t\t<div class=\"elementor-container elementor-column-gap-default\">\n\t\t\t\t\t<div class=\"elementor-column elementor-col-33 elementor-inner-column elementor-element elementor-element-ffa34ce\" data-id=\"ffa34ce\" data-element_type=\"column\">\n\t\t\t<div class=\"elementor-widget-wrap\">\n\t\t\t\t\t\t\t<\/div>\n\t\t<\/div>\n\t\t\t\t<div class=\"elementor-column elementor-col-33 elementor-inner-column elementor-element elementor-element-3ab03f6\" data-id=\"3ab03f6\" data-element_type=\"column\">\n\t\t\t<div class=\"elementor-widget-wrap elementor-element-populated\">\n\t\t\t\t\t\t<div class=\"elementor-element elementor-element-cedeb62 elementor-view-stacked elementor-shape-circle elementor-position-top elementor-mobile-position-top elementor-widget elementor-widget-icon-box\" data-id=\"cedeb62\" data-element_type=\"widget\" data-widget_type=\"icon-box.default\">\n\t\t\t\t<div class=\"elementor-widget-container\">\n\t\t\t\t\t\t\t<div class=\"elementor-icon-box-wrapper\">\n\n\t\t\t\t\t\t<div class=\"elementor-icon-box-icon\">\n\t\t\t\t<a href=\"#administrativo\" class=\"elementor-icon\" tabindex=\"-1\" aria-label=\"Administratiu\">\n\t\t\t\t<i aria-hidden=\"true\" class=\"fas fa-balance-scale\"><\/i>\t\t\t\t<\/a>\n\t\t\t<\/div>\n\t\t\t\n\t\t\t\t\t\t<div class=\"elementor-icon-box-content\">\n\n\t\t\t\t\t\t\t\t\t<h4 class=\"elementor-icon-box-title\">\n\t\t\t\t\t\t<a href=\"#administrativo\" >\n\t\t\t\t\t\t\tAdministratiu\t\t\t\t\t\t<\/a>\n\t\t\t\t\t<\/h4>\n\t\t\t\t\n\t\t\t\t\n\t\t\t<\/div>\n\t\t\t\n\t\t<\/div>\n\t\t\t\t\t\t<\/div>\n\t\t\t\t<\/div>\n\t\t\t\t\t<\/div>\n\t\t<\/div>\n\t\t\t\t<div class=\"elementor-column elementor-col-33 elementor-inner-column elementor-element elementor-element-af8f7f4\" data-id=\"af8f7f4\" data-element_type=\"column\">\n\t\t\t<div class=\"elementor-widget-wrap\">\n\t\t\t\t\t\t\t<\/div>\n\t\t<\/div>\n\t\t\t\t\t<\/div>\n\t\t<\/section>\n\t\t\t\t\t<\/div>\n\t\t<\/div>\n\t\t\t\t\t<\/div>\n\t\t<\/section>\n\t\t\t\t<section class=\"elementor-section elementor-top-section elementor-element elementor-element-f370706 elementor-section-stretched elementor-section-boxed elementor-section-height-default elementor-section-height-default\" data-id=\"f370706\" data-element_type=\"section\" id=\"administrativo\" data-settings=\"{&quot;stretch_section&quot;:&quot;section-stretched&quot;}\">\n\t\t\t\t\t\t<div class=\"elementor-container elementor-column-gap-wider\">\n\t\t\t\t\t<div class=\"elementor-column elementor-col-100 elementor-top-column elementor-element elementor-element-83e7164\" data-id=\"83e7164\" data-element_type=\"column\">\n\t\t\t<div class=\"elementor-widget-wrap elementor-element-populated\">\n\t\t\t\t\t\t<section class=\"elementor-section elementor-inner-section elementor-element elementor-element-52847a4 elementor-section-content-middle elementor-reverse-mobile elementor-section-boxed elementor-section-height-default elementor-section-height-default\" data-id=\"52847a4\" data-element_type=\"section\">\n\t\t\t\t\t\t<div class=\"elementor-container elementor-column-gap-no\">\n\t\t\t\t\t<div class=\"elementor-column elementor-col-50 elementor-inner-column elementor-element elementor-element-c6b2ca2\" data-id=\"c6b2ca2\" data-element_type=\"column\" data-settings=\"{&quot;background_background&quot;:&quot;classic&quot;}\">\n\t\t\t<div class=\"elementor-widget-wrap elementor-element-populated\">\n\t\t\t\t\t\t<div class=\"elementor-element elementor-element-7c1219d elementor-widget elementor-widget-text-editor\" data-id=\"7c1219d\" data-element_type=\"widget\" data-widget_type=\"text-editor.default\">\n\t\t\t\t<div class=\"elementor-widget-container\">\n\t\t\t\t\t\t\t\t\t<h6>Serveis<\/h6>\n<h3>Administratiu<\/h3>\t\t\t\t\t\t\t\t<\/div>\n\t\t\t\t<\/div>\n\t\t\t\t\t<\/div>\n\t\t<\/div>\n\t\t\t\t<div class=\"elementor-column elementor-col-50 elementor-inner-column elementor-element elementor-element-e6068cb\" data-id=\"e6068cb\" data-element_type=\"column\">\n\t\t\t<div class=\"elementor-widget-wrap elementor-element-populated\">\n\t\t\t\t\t\t<div class=\"elementor-element elementor-element-ed81bee elementor-widget elementor-widget-image\" data-id=\"ed81bee\" data-element_type=\"widget\" data-widget_type=\"image.default\">\n\t\t\t\t<div class=\"elementor-widget-container\">\n\t\t\t\t\t\t\t\t\t\t\t\t\t\t\t<img fetchpriority=\"high\" decoding=\"async\" width=\"1024\" height=\"683\" src=\"https:\/\/nvgabogados.com\/wp-content\/uploads\/2021\/09\/nvg-abogados-2-1024x683.jpg\" class=\"attachment-large size-large wp-image-773\" alt=\"\" srcset=\"https:\/\/nvgabogados.com\/wp-content\/uploads\/2021\/09\/nvg-abogados-2-1024x683.jpg 1024w, https:\/\/nvgabogados.com\/wp-content\/uploads\/2021\/09\/nvg-abogados-2-300x200.jpg 300w, https:\/\/nvgabogados.com\/wp-content\/uploads\/2021\/09\/nvg-abogados-2-768x512.jpg 768w, https:\/\/nvgabogados.com\/wp-content\/uploads\/2021\/09\/nvg-abogados-2-1536x1024.jpg 1536w, https:\/\/nvgabogados.com\/wp-content\/uploads\/2021\/09\/nvg-abogados-2-219x146.jpg 219w, https:\/\/nvgabogados.com\/wp-content\/uploads\/2021\/09\/nvg-abogados-2-50x33.jpg 50w, https:\/\/nvgabogados.com\/wp-content\/uploads\/2021\/09\/nvg-abogados-2-113x75.jpg 113w, https:\/\/nvgabogados.com\/wp-content\/uploads\/2021\/09\/nvg-abogados-2.jpg 1920w\" sizes=\"(max-width: 1024px) 100vw, 1024px\" \/>\t\t\t\t\t\t\t\t\t\t\t\t\t\t\t<\/div>\n\t\t\t\t<\/div>\n\t\t\t\t\t<\/div>\n\t\t<\/div>\n\t\t\t\t\t<\/div>\n\t\t<\/section>\n\t\t\t\t<div class=\"elementor-element elementor-element-bf868f6 elementor-widget elementor-widget-text-editor\" data-id=\"bf868f6\" data-element_type=\"widget\" data-widget_type=\"text-editor.default\">\n\t\t\t\t<div class=\"elementor-widget-container\">\n\t\t\t\t\t\t\t\t\t<p>A <strong>NVG Abogados<\/strong> posem al servei dels nostres clients l&#8217;experi\u00e8ncia acumulada durant anys de treball en mat\u00e8ria de <strong>dret administratiu<\/strong>, som una firma altament qualificada que t&#8217;ajudar\u00e0 a trobar les solucions eficaces que atenguin cadascuna de les teves necessitats.<\/p><p>Oferim assist\u00e8ncia jur\u00eddica als nostres clients <strong>tant empreses com a particulars<\/strong>, en tota mena de procediments administratius. Aix\u00ed mateix, tenim experi\u00e8ncia demostrada en la intervenci\u00f3 davant la jurisdicci\u00f3 contenciosa administrativa en totes les seves inst\u00e0ncies, actuant sempre amb <strong>efic\u00e0cia<\/strong>.<\/p><p>Tenim una <strong>dilatada experi\u00e8ncia<\/strong> en procediments sancionadors, procediments de responsabilitat patrimonial a les administracions p\u00fabliques, aix\u00ed com en reclamacions en mat\u00e8ria de contractaci\u00f3 p\u00fablica.<\/p><p>Tota aquesta experi\u00e8ncia \u00e9s el que ens permet oferir a tots els nostres clients un <strong>assessorament personalitzat<\/strong> i adequat a all\u00f2 que la seva situaci\u00f3 requereix en cada cas.<\/p>\t\t\t\t\t\t\t\t<\/div>\n\t\t\t\t<\/div>\n\t\t\t\t\t<\/div>\n\t\t<\/div>\n\t\t\t\t\t<\/div>\n\t\t<\/section>\n\t\t\t\t<\/div>\n\t\t","protected":false},"excerpt":{"rendered":"<p>Serveis Administratiu Administratiu Serveis Administratiu A NVG Abogados posem al servei dels nostres clients l&#8217;experi\u00e8ncia acumulada durant anys de treball en mat\u00e8ria de dret administratiu, som<span class=\"excerpt-hellip\"> [\u2026]<\/span><\/p>\n","protected":false},"author":1,"featured_media":0,"parent":831,"menu_order":0,"comment_status":"closed","ping_status":"closed","template":"","meta":{"inline_featured_image":false,"_joinchat":[],"footnotes":""},"class_list":["post-838","page","type-page","status-publish","hentry"],"_links":{"self":[{"href":"https:\/\/nvgabogados.com\/ca\/wp-json\/wp\/v2\/pages\/838","targetHints":{"allow":["GET"]}}],"collection":[{"href":"https:\/\/nvgabogados.com\/ca\/wp-json\/wp\/v2\/pages"}],"about":[{"href":"https:\/\/nvgabogados.com\/ca\/wp-json\/wp\/v2\/types\/page"}],"author":[{"embeddable":true,"href":"https:\/\/nvgabogados.com\/ca\/wp-json\/wp\/v2\/users\/1"}],"replies":[{"embeddable":true,"href":"https:\/\/nvgabogados.com\/ca\/wp-json\/wp\/v2\/comments?post=838"}],"version-history":[{"count":5,"href":"https:\/\/nvgabogados.com\/ca\/wp-json\/wp\/v2\/pages\/838\/revisions"}],"predecessor-version":[{"id":843,"href":"https:\/\/nvgabogados.com\/ca\/wp-json\/wp\/v2\/pages\/838\/revisions\/843"}],"up":[{"embeddable":true,"href":"https:\/\/nvgabogados.com\/ca\/wp-json\/wp\/v2\/pages\/831"}],"wp:attachment":[{"href":"https:\/\/nvgabogados.com\/ca\/wp-json\/wp\/v2\/media?parent=838"}],"curies":[{"name":"wp","href":"https:\/\/api.w.org\/{rel}","templated":true}]}}